{"id":6,"date":"2019-09-17T16:01:31","date_gmt":"2019-09-17T16:01:31","guid":{"rendered":"http:\/\/ace-uk.net\/de\/?page_id=6"},"modified":"2025-08-18T10:43:42","modified_gmt":"2025-08-18T10:43:42","slug":"6-2","status":"publish","type":"page","link":"https:\/\/ace-uk.net\/de\/","title":{"rendered":"Home"},"content":{"rendered":"<p>[et_pb_section fb_built=&#8221;1&#8243; module_id=&#8221;main-header&#8221; module_class=&#8221;main-header&#8221; _builder_version=&#8221;4.16&#8243; background_color=&#8221;#666666&#8243; background_color_gradient_direction=&#8221;332deg&#8221; custom_margin=&#8221;||50px||false|false&#8221; custom_padding=&#8221;||50px||false|false&#8221; bottom_divider_style=&#8221;asymmetric3&#8243; bottom_divider_color=&#8221;#FFFFFF&#8221; bottom_divider_height=&#8221;222px&#8221; bottom_divider_flip=&#8221;horizontal&#8221; bottom_divider_style_tablet=&#8221;none&#8221; bottom_divider_style_phone=&#8221;&#8221; bottom_divider_style_last_edited=&#8221;on|tablet&#8221; border_radii_tablet=&#8221;off|||35px|35px&#8221; border_radii_phone=&#8221;&#8221; border_radii_last_edited=&#8221;on|tablet&#8221; global_colors_info=&#8221;{}&#8221;][et_pb_row column_structure=&#8221;1_2,1_2&#8243; custom_padding_last_edited=&#8221;on|desktop&#8221; _builder_version=&#8221;4.16&#8243; width=&#8221;1466px&#8221; max_width=&#8221;1466px&#8221; min_height=&#8221;600px&#8221; min_height_tablet=&#8221;620px&#8221; min_height_phone=&#8221;520px&#8221; min_height_last_edited=&#8221;on|phone&#8221; custom_margin=&#8221;27px|auto|40px|auto|false|&#8221; custom_margin_tablet=&#8221;&#8221; custom_margin_phone=&#8221;&#8221; custom_margin_last_edited=&#8221;on|desktop&#8221; custom_padding=&#8221;16px||0px|50px|false|false&#8221; custom_padding_tablet=&#8221;|50px|||false|false&#8221; custom_padding_phone=&#8221;0px|20px||20px|false|false&#8221; global_colors_info=&#8221;{}&#8221;][et_pb_column type=&#8221;1_2&#8243; _builder_version=&#8221;4.16&#8243; global_colors_info=&#8221;{}&#8221;][et_pb_text admin_label=&#8221;Text&#8221; _builder_version=&#8221;4.16&#8243; text_font=&#8221;Open Sans|800||on|||||&#8221; text_text_color=&#8221;#FFFFFF&#8221; text_font_size=&#8221;60px&#8221; text_line_height=&#8221;0.9em&#8221; custom_margin=&#8221;|-39px|25px|-1px||&#8221; custom_padding=&#8221;|||0px||&#8221; text_font_size_tablet=&#8221;&#8221; text_font_size_phone=&#8221;40px&#8221; text_font_size_last_edited=&#8221;on|phone&#8221; global_colors_info=&#8221;{}&#8221;]<\/p>\n<h1 class=\"home-header-title\">\nADVANCED<br \/>\n<span class=\"outline-header\">CHEMICAL ETCHING<\/span><br \/>\n<\/h1>\n<p>[\/et_pb_text][et_pb_text _builder_version=&#8221;4.16&#8243; text_font=&#8221;||||||||&#8221; text_text_color=&#8221;#FFFFFF&#8221; text_font_size=&#8221;15px&#8221; text_line_height=&#8221;1.4em&#8221; header_2_font_size=&#8221;15px&#8221; header_2_line_height=&#8221;1.4em&#8221; width=&#8221;80%&#8221; width_tablet=&#8221;&#8221; width_phone=&#8221;100%&#8221; width_last_edited=&#8221;on|phone&#8221; custom_margin=&#8221;-7px||45px||false|false&#8221; custom_padding=&#8221;0px|1px||1px||&#8221; custom_css_main_element=&#8221;\tfont-family: &#8216;IBM Plex Sans&#8217;, sans-serif !important;&#8221; global_colors_info=&#8221;{}&#8221;]<\/p>\n<h2>Das im Herzen Englands gelegene, inhabergef\u00fchrte Unternehmen <strong>Advanced Chemical Etching Ltd (ACE)<\/strong> ist auf die \u00e4tztechnische Herstellung von komplexen, hochpr\u00e4zisen <strong>Metallkomponenten spezialisiert<\/strong>. Wir erm\u00f6glichen gr\u00f6\u00dfere <strong>Flexibilit\u00e4t im Design<\/strong>, k\u00fcrzere Vorlaufzeiten und <strong>individuelle L\u00f6sungen<\/strong>.<\/h2>\n<p>[\/et_pb_text][et_pb_code _builder_version=&#8221;4.27.4&#8243; custom_margin=&#8221;0px|-2px|75px||false|false&#8221; custom_margin_tablet=&#8221;||50px||false|false&#8221; custom_margin_phone=&#8221;-23px||40px||false|false&#8221; custom_margin_last_edited=&#8221;on|tablet&#8221; custom_padding=&#8221;0px|||||&#8221; hover_enabled=&#8221;0&#8243; custom_css_main_element=&#8221;\tfont-family: &#8216;IBM Plex Sans&#8217;, sans-serif !important;&#8221; global_colors_info=&#8221;{}&#8221; sticky_enabled=&#8221;0&#8243;]<a href=\"https:\/\/ace-uk.net\/company\/contact-us\/\" class=\"get-in-touch\">Kontakt<\/a> <a href=\"https:\/\/ace-uk.net\/company\/contact-us\/\" class=\"request-samples\">Muster anfordern<\/a>[\/et_pb_code][et_pb_code disabled_on=&#8221;off|off|off&#8221; _builder_version=&#8221;4.16&#8243; max_width=&#8221;75%&#8221; max_width_tablet=&#8221;80%&#8221; max_width_phone=&#8221;97%&#8221; max_width_last_edited=&#8221;on|desktop&#8221; custom_margin=&#8221;0px||0px||false|false&#8221; custom_margin_tablet=&#8221;&#8221; custom_margin_phone=&#8221;&#8221; custom_margin_last_edited=&#8221;on|phone&#8221; custom_css_main_element=&#8221;\tfont-family: &#8216;IBM Plex Sans&#8217;, sans-serif !important;&#8221; global_colors_info=&#8221;{}&#8221;]<a class=\"video-button\" href=\"\/de\/processes\/unsere-leistungen\/\"><!-- [et_pb_line_break_holder] --><\/p>\n<div class=\"video-circles\"><!-- [et_pb_line_break_holder] --><img decoding=\"async\" class=\"no-lazy-load\"  src=\"https:\/\/ace-uk.net\/de\/\/\/wp-content\/uploads\/2019\/11\/outer-ring.svg\" alt=\"outer ring graphic\"><!-- [et_pb_line_break_holder] --><img decoding=\"async\" class=\"no-lazy-load\"  src=\"https:\/\/ace-uk.net\/de\/\/\/wp-content\/uploads\/2019\/11\/inner.svg\" alt=\"inner icon graphic\"><!-- [et_pb_line_break_holder] --><\/div>\n<p><!-- [et_pb_line_break_holder] -->  <\/p>\n<div class=\"video-button-text\"><!-- [et_pb_line_break_holder] -->    <\/p>\n<h3>Mehr zum Unternehmensprofil <!\u2013- [et_pb_br_holder] -\u2013>und unseren Leistungen.<\/h3>\n<p><!-- [et_pb_line_break_holder] -->    <\/p>\n<div style=\"margin-left: 16px\"><!-- [et_pb_line_break_holder] -->      <img decoding=\"async\" class=\"no-lazy-load\" src=\"\/wp-content\/uploads\/2019\/10\/White-Arrows.svg\" alt=\"White arrows icon graphic\"><!-- [et_pb_line_break_holder] -->    <\/div>\n<p><!-- [et_pb_line_break_holder] --><\/div>\n<p><!-- [et_pb_line_break_holder] --><\/a>[\/et_pb_code][\/et_pb_column][et_pb_column type=&#8221;1_2&#8243; _builder_version=&#8221;4.16&#8243; global_colors_info=&#8221;{}&#8221;][\/et_pb_column][\/et_pb_row][\/et_pb_section]<\/p>\n","protected":false},"excerpt":{"rendered":"<p>ADVANCED CHEMICAL ETCHING Das im Herzen Englands&#8230;<\/p>\n","protected":false},"author":1,"featured_media":0,"parent":0,"menu_order":0,"comment_status":"closed","ping_status":"closed","template":"","meta":{"_acf_changed":false,"_et_pb_use_builder":"on","_et_pb_old_content":"","_et_gb_content_width":"","site-sidebar-layout":"no-sidebar","site-content-layout":"page-builder","ast-site-content-layout":"full-width-container","site-content-style":"unboxed","site-sidebar-style":"unboxed","ast-global-header-display":"","ast-banner-title-visibility":"","ast-main-header-display":"","ast-hfb-above-header-display":"","ast-hfb-below-header-display":"","ast-hfb-mobile-header-display":"","site-post-title":"disabled","ast-breadcrumbs-content":"disabled","ast-featured-img":"disabled","footer-sml-layout":"disabled","ast-disable-related-posts":"","theme-transparent-header-meta":"default","adv-header-id-meta":"","stick-header-meta":"default","header-above-stick-meta":"","header-main-stick-meta":"","header-below-stick-meta":"","astra-migrate-meta-layouts":"set","ast-page-background-enabled":"default","ast-page-background-meta":{"desktop":{"background-color":"","background-image":"","background-repeat":"repeat","background-position":"center center","background-size":"auto","background-attachment":"scroll","background-type":"","background-media":"","overlay-type":"","overlay-color":"","overlay-opacity":"","overlay-gradient":""},"tablet":{"background-color":"","background-image":"","background-repeat":"repeat","background-position":"center center","background-size":"auto","background-attachment":"scroll","background-type":"","background-media":"","overlay-type":"","overlay-color":"","overlay-opacity":"","overlay-gradient":""},"mobile":{"background-color":"","background-image":"","background-repeat":"repeat","background-position":"center center","background-size":"auto","background-attachment":"scroll","background-type":"","background-media":"","overlay-type":"","overlay-color":"","overlay-opacity":"","overlay-gradient":""}},"ast-content-background-meta":{"desktop":{"background-color":"var(--ast-global-color-5)","background-image":"","background-repeat":"repeat","background-position":"center center","background-size":"auto","background-attachment":"scroll","background-type":"","background-media":"","overlay-type":"","overlay-color":"","overlay-opacity":"","overlay-gradient":""},"tablet":{"background-color":"var(--ast-global-color-5)","background-image":"","background-repeat":"repeat","background-position":"center center","background-size":"auto","background-attachment":"scroll","background-type":"","background-media":"","overlay-type":"","overlay-color":"","overlay-opacity":"","overlay-gradient":""},"mobile":{"background-color":"var(--ast-global-color-5)","background-image":"","background-repeat":"repeat","background-position":"center center","background-size":"auto","background-attachment":"scroll","background-type":"","background-media":"","overlay-type":"","overlay-color":"","overlay-opacity":"","overlay-gradient":""}},"footnotes":""},"class_list":["post-6","page","type-page","status-publish","hentry"],"acf":[],"yoast_head":"<!-- This site is optimized with the Yoast SEO Premium plugin v27.4 (Yoast SEO v27.4) - https:\/\/yoast.com\/product\/yoast-seo-premium-wordpress\/ -->\n<title>Advanced Chemical Etching - Foto\u00e4tzen - Hochpr\u00e4zise \u00c4tzteile<\/title>\n<meta name=\"description\" content=\"Advanced Chemical Etching Ltd (ACE) ist foto\u00e4tzen und auf die \u00e4tztechnische Herstellung von komplexen, hochpr\u00e4zisen metallkomponenten spezialisiert.\" \/>\n<meta name=\"robots\" content=\"index, follow, max-snippet:-1, max-image-preview:large, max-video-preview:-1\" \/>\n<link rel=\"canonical\" href=\"https:\/\/ace-uk.net\/de\/\" \/>\n<meta property=\"og:locale\" content=\"en_US\" \/>\n<meta property=\"og:type\" content=\"article\" \/>\n<meta property=\"og:title\" content=\"Home\" \/>\n<meta property=\"og:description\" content=\"Advanced Chemical Etching Ltd (ACE) ist foto\u00e4tzen und auf die \u00e4tztechnische Herstellung von komplexen, hochpr\u00e4zisen metallkomponenten spezialisiert.\" \/>\n<meta property=\"og:url\" content=\"https:\/\/ace-uk.net\/de\/\" \/>\n<meta property=\"og:site_name\" content=\"Advanced Chemical Etching\" \/>\n<meta property=\"article:modified_time\" content=\"2025-08-18T10:43:42+00:00\" \/>\n<meta property=\"og:image\" content=\"https:\/\/ace-uk.net\/de\/wp-content\/uploads\/2019\/10\/news-header-min.jpg\" \/>\n\t<meta property=\"og:image:width\" content=\"1920\" \/>\n\t<meta property=\"og:image:height\" content=\"1281\" \/>\n\t<meta property=\"og:image:type\" content=\"image\/jpeg\" \/>\n<meta name=\"twitter:card\" content=\"summary_large_image\" \/>\n<meta name=\"twitter:site\" content=\"@Ace_ChemEtching\" \/>\n<meta name=\"twitter:label1\" content=\"Est. reading time\" \/>\n\t<meta name=\"twitter:data1\" content=\"1 minute\" \/>\n<script type=\"application\/ld+json\" class=\"yoast-schema-graph\">{\"@context\":\"https:\\\/\\\/schema.org\",\"@graph\":[{\"@type\":\"WebPage\",\"@id\":\"https:\\\/\\\/ace-uk.net\\\/de\\\/\",\"url\":\"https:\\\/\\\/ace-uk.net\\\/de\\\/\",\"name\":\"Advanced Chemical Etching - Foto\u00e4tzen - Hochpr\u00e4zise \u00c4tzteile\",\"isPartOf\":{\"@id\":\"https:\\\/\\\/ace-uk.net\\\/de\\\/#website\"},\"primaryImageOfPage\":{\"@id\":\"https:\\\/\\\/ace-uk.net\\\/de\\\/#primaryimage\"},\"image\":{\"@id\":\"https:\\\/\\\/ace-uk.net\\\/de\\\/#primaryimage\"},\"thumbnailUrl\":\"https:\\\/\\\/ace-uk.net\\\/de\\\/\\\/\\\/wp-content\\\/uploads\\\/2019\\\/11\\\/outer-ring.svg\",\"datePublished\":\"2019-09-17T16:01:31+00:00\",\"dateModified\":\"2025-08-18T10:43:42+00:00\",\"description\":\"Advanced Chemical Etching Ltd (ACE) ist foto\u00e4tzen und auf die \u00e4tztechnische Herstellung von komplexen, hochpr\u00e4zisen metallkomponenten spezialisiert.\",\"breadcrumb\":{\"@id\":\"https:\\\/\\\/ace-uk.net\\\/de\\\/#breadcrumb\"},\"inLanguage\":\"en-US\",\"potentialAction\":[{\"@type\":\"ReadAction\",\"target\":[\"https:\\\/\\\/ace-uk.net\\\/de\\\/\"]}]},{\"@type\":\"ImageObject\",\"inLanguage\":\"en-US\",\"@id\":\"https:\\\/\\\/ace-uk.net\\\/de\\\/#primaryimage\",\"url\":\"https:\\\/\\\/ace-uk.net\\\/de\\\/wp-content\\\/uploads\\\/2019\\\/11\\\/outer-ring.svg\",\"contentUrl\":\"https:\\\/\\\/ace-uk.net\\\/de\\\/wp-content\\\/uploads\\\/2019\\\/11\\\/outer-ring.svg\",\"width\":190,\"height\":190,\"caption\":\"outer ring icon\"},{\"@type\":\"BreadcrumbList\",\"@id\":\"https:\\\/\\\/ace-uk.net\\\/de\\\/#breadcrumb\",\"itemListElement\":[{\"@type\":\"ListItem\",\"position\":1,\"name\":\"Home\",\"item\":\"https:\\\/\\\/ace-uk.net\\\/de\\\/\"},{\"@type\":\"ListItem\",\"position\":2,\"name\":\"Home\"}]},{\"@type\":\"WebSite\",\"@id\":\"https:\\\/\\\/ace-uk.net\\\/de\\\/#website\",\"url\":\"https:\\\/\\\/ace-uk.net\\\/de\\\/\",\"name\":\"Advanced Chemical Etching\",\"description\":\"\",\"publisher\":{\"@id\":\"https:\\\/\\\/ace-uk.net\\\/de\\\/#organization\"},\"potentialAction\":[{\"@type\":\"SearchAction\",\"target\":{\"@type\":\"EntryPoint\",\"urlTemplate\":\"https:\\\/\\\/ace-uk.net\\\/de\\\/?s={search_term_string}\"},\"query-input\":{\"@type\":\"PropertyValueSpecification\",\"valueRequired\":true,\"valueName\":\"search_term_string\"}}],\"inLanguage\":\"en-US\"},{\"@type\":\"Organization\",\"@id\":\"https:\\\/\\\/ace-uk.net\\\/de\\\/#organization\",\"name\":\"Advanced Chemical Etching Ltd (DE)\",\"url\":\"https:\\\/\\\/ace-uk.net\\\/de\\\/\",\"logo\":{\"@type\":\"ImageObject\",\"inLanguage\":\"en-US\",\"@id\":\"https:\\\/\\\/ace-uk.net\\\/de\\\/#\\\/schema\\\/logo\\\/image\\\/\",\"url\":\"https:\\\/\\\/ace-uk.net\\\/de\\\/\\\/\\\/wp-content\\\/uploads\\\/2019\\\/09\\\/ace_logo_navy.svg\",\"contentUrl\":\"https:\\\/\\\/ace-uk.net\\\/de\\\/\\\/\\\/wp-content\\\/uploads\\\/2019\\\/09\\\/ace_logo_navy.svg\",\"width\":131,\"height\":75,\"caption\":\"Advanced Chemical Etching Ltd (DE)\"},\"image\":{\"@id\":\"https:\\\/\\\/ace-uk.net\\\/de\\\/#\\\/schema\\\/logo\\\/image\\\/\"},\"sameAs\":[\"https:\\\/\\\/x.com\\\/Ace_ChemEtching\",\"https:\\\/\\\/www.instagram.com\\\/advancedchemicaletching\",\"https:\\\/\\\/www.linkedin.com\\\/company\\\/advanced-chemical-etching-ltd\",\"https:\\\/\\\/www.youtube.com\\\/channel\\\/UCjC_fNAHm_iPIJd1onILCdw\"]}]}<\/script>\n<!-- \/ Yoast SEO Premium plugin. -->","yoast_head_json":{"title":"Advanced Chemical Etching - Foto\u00e4tzen - Hochpr\u00e4zise \u00c4tzteile","description":"Advanced Chemical Etching Ltd (ACE) ist foto\u00e4tzen und auf die \u00e4tztechnische Herstellung von komplexen, hochpr\u00e4zisen metallkomponenten spezialisiert.","robots":{"index":"index","follow":"follow","max-snippet":"max-snippet:-1","max-image-preview":"max-image-preview:large","max-video-preview":"max-video-preview:-1"},"canonical":"https:\/\/ace-uk.net\/de\/","og_locale":"en_US","og_type":"article","og_title":"Home","og_description":"Advanced Chemical Etching Ltd (ACE) ist foto\u00e4tzen und auf die \u00e4tztechnische Herstellung von komplexen, hochpr\u00e4zisen metallkomponenten spezialisiert.","og_url":"https:\/\/ace-uk.net\/de\/","og_site_name":"Advanced Chemical Etching","article_modified_time":"2025-08-18T10:43:42+00:00","og_image":[{"width":1920,"height":1281,"url":"https:\/\/ace-uk.net\/de\/wp-content\/uploads\/2019\/10\/news-header-min.jpg","type":"image\/jpeg"}],"twitter_card":"summary_large_image","twitter_site":"@Ace_ChemEtching","twitter_misc":{"Est. reading time":"1 minute"},"schema":{"@context":"https:\/\/schema.org","@graph":[{"@type":"WebPage","@id":"https:\/\/ace-uk.net\/de\/","url":"https:\/\/ace-uk.net\/de\/","name":"Advanced Chemical Etching - Foto\u00e4tzen - Hochpr\u00e4zise \u00c4tzteile","isPartOf":{"@id":"https:\/\/ace-uk.net\/de\/#website"},"primaryImageOfPage":{"@id":"https:\/\/ace-uk.net\/de\/#primaryimage"},"image":{"@id":"https:\/\/ace-uk.net\/de\/#primaryimage"},"thumbnailUrl":"https:\/\/ace-uk.net\/de\/\/\/wp-content\/uploads\/2019\/11\/outer-ring.svg","datePublished":"2019-09-17T16:01:31+00:00","dateModified":"2025-08-18T10:43:42+00:00","description":"Advanced Chemical Etching Ltd (ACE) ist foto\u00e4tzen und auf die \u00e4tztechnische Herstellung von komplexen, hochpr\u00e4zisen metallkomponenten spezialisiert.","breadcrumb":{"@id":"https:\/\/ace-uk.net\/de\/#breadcrumb"},"inLanguage":"en-US","potentialAction":[{"@type":"ReadAction","target":["https:\/\/ace-uk.net\/de\/"]}]},{"@type":"ImageObject","inLanguage":"en-US","@id":"https:\/\/ace-uk.net\/de\/#primaryimage","url":"https:\/\/ace-uk.net\/de\/wp-content\/uploads\/2019\/11\/outer-ring.svg","contentUrl":"https:\/\/ace-uk.net\/de\/wp-content\/uploads\/2019\/11\/outer-ring.svg","width":190,"height":190,"caption":"outer ring icon"},{"@type":"BreadcrumbList","@id":"https:\/\/ace-uk.net\/de\/#breadcrumb","itemListElement":[{"@type":"ListItem","position":1,"name":"Home","item":"https:\/\/ace-uk.net\/de\/"},{"@type":"ListItem","position":2,"name":"Home"}]},{"@type":"WebSite","@id":"https:\/\/ace-uk.net\/de\/#website","url":"https:\/\/ace-uk.net\/de\/","name":"Advanced Chemical Etching","description":"","publisher":{"@id":"https:\/\/ace-uk.net\/de\/#organization"},"potentialAction":[{"@type":"SearchAction","target":{"@type":"EntryPoint","urlTemplate":"https:\/\/ace-uk.net\/de\/?s={search_term_string}"},"query-input":{"@type":"PropertyValueSpecification","valueRequired":true,"valueName":"search_term_string"}}],"inLanguage":"en-US"},{"@type":"Organization","@id":"https:\/\/ace-uk.net\/de\/#organization","name":"Advanced Chemical Etching Ltd (DE)","url":"https:\/\/ace-uk.net\/de\/","logo":{"@type":"ImageObject","inLanguage":"en-US","@id":"https:\/\/ace-uk.net\/de\/#\/schema\/logo\/image\/","url":"https:\/\/ace-uk.net\/de\/\/\/wp-content\/uploads\/2019\/09\/ace_logo_navy.svg","contentUrl":"https:\/\/ace-uk.net\/de\/\/\/wp-content\/uploads\/2019\/09\/ace_logo_navy.svg","width":131,"height":75,"caption":"Advanced Chemical Etching Ltd (DE)"},"image":{"@id":"https:\/\/ace-uk.net\/de\/#\/schema\/logo\/image\/"},"sameAs":["https:\/\/x.com\/Ace_ChemEtching","https:\/\/www.instagram.com\/advancedchemicaletching","https:\/\/www.linkedin.com\/company\/advanced-chemical-etching-ltd","https:\/\/www.youtube.com\/channel\/UCjC_fNAHm_iPIJd1onILCdw"]}]}},"_links":{"self":[{"href":"https:\/\/ace-uk.net\/de\/wp-json\/wp\/v2\/pages\/6","targetHints":{"allow":["GET"]}}],"collection":[{"href":"https:\/\/ace-uk.net\/de\/wp-json\/wp\/v2\/pages"}],"about":[{"href":"https:\/\/ace-uk.net\/de\/wp-json\/wp\/v2\/types\/page"}],"author":[{"embeddable":true,"href":"https:\/\/ace-uk.net\/de\/wp-json\/wp\/v2\/users\/1"}],"replies":[{"embeddable":true,"href":"https:\/\/ace-uk.net\/de\/wp-json\/wp\/v2\/comments?post=6"}],"version-history":[{"count":4,"href":"https:\/\/ace-uk.net\/de\/wp-json\/wp\/v2\/pages\/6\/revisions"}],"predecessor-version":[{"id":4234,"href":"https:\/\/ace-uk.net\/de\/wp-json\/wp\/v2\/pages\/6\/revisions\/4234"}],"wp:attachment":[{"href":"https:\/\/ace-uk.net\/de\/wp-json\/wp\/v2\/media?parent=6"}],"curies":[{"name":"wp","href":"https:\/\/api.w.org\/{rel}","templated":true}]}}